{"id":303,"date":"2024-03-28T06:01:27","date_gmt":"2024-03-28T05:01:27","guid":{"rendered":"https:\/\/ilrialto.be\/reservation\/"},"modified":"2026-04-23T07:08:55","modified_gmt":"2026-04-23T05:08:55","slug":"reservation","status":"publish","type":"page","link":"https:\/\/ilrialto.be\/fr\/reservation\/","title":{"rendered":"R\u00e9servation"},"content":{"rendered":"\t\t<div data-elementor-type=\"wp-page\" data-elementor-id=\"303\" class=\"elementor elementor-303 elementor-19\" data-elementor-post-type=\"page\">\n\t\t\t\t<div class=\"elementor-element elementor-element-037e3da e-flex e-con-boxed e-con e-parent\" data-id=\"037e3da\" data-element_type=\"container\" data-e-type=\"container\" data-settings=\"{&quot;background_background&quot;:&quot;classic&quot;}\">\n\t\t\t\t\t<div class=\"e-con-inner\">\n\t\t\t\t\t<\/div>\n\t\t\t\t<\/div>\n\t\t<div class=\"elementor-element elementor-element-bc6c8a4 animated-slow e-flex e-con-boxed elementor-invisible e-con e-parent\" data-id=\"bc6c8a4\" data-element_type=\"container\" data-e-type=\"container\" data-settings=\"{&quot;animation&quot;:&quot;fadeIn&quot;}\">\n\t\t\t\t\t<div class=\"e-con-inner\">\n\t\t\t\t<div class=\"elementor-element elementor-element-f85fba2 elementor-widget elementor-widget-heading\" data-id=\"f85fba2\" data-element_type=\"widget\" data-e-type=\"widget\" data-widget_type=\"heading.default\">\n\t\t\t\t<div class=\"elementor-widget-container\">\n\t\t\t\t\t<h2 class=\"elementor-heading-title elementor-size-default\">R\u00e9servation chez Il Rialto<\/h2>\t\t\t\t<\/div>\n\t\t\t\t<\/div>\n\t\t\t\t<div class=\"elementor-element elementor-element-1739c60 elementor-widget elementor-widget-image\" data-id=\"1739c60\" data-element_type=\"widget\" data-e-type=\"widget\" data-widget_type=\"image.default\">\n\t\t\t\t<div class=\"elementor-widget-container\">\n\t\t\t\t\t\t\t\t\t\t\t\t\t\t\t<img decoding=\"async\" width=\"594\" height=\"33\" src=\"https:\/\/ilrialto.be\/wp-content\/uploads\/2024\/03\/italiaanse-kleuren.png\" class=\"attachment-large size-large wp-image-298\" alt=\"\" srcset=\"https:\/\/ilrialto.be\/wp-content\/uploads\/2024\/03\/italiaanse-kleuren.png 594w, https:\/\/ilrialto.be\/wp-content\/uploads\/2024\/03\/italiaanse-kleuren-300x17.png 300w\" sizes=\"(max-width: 594px) 100vw, 594px\" \/>\t\t\t\t\t\t\t\t\t\t\t\t\t\t\t<\/div>\n\t\t\t\t<\/div>\n\t\t\t\t<div class=\"elementor-element elementor-element-8353ecc elementor-widget__width-initial elementor-widget elementor-widget-text-editor\" data-id=\"8353ecc\" data-element_type=\"widget\" data-e-type=\"widget\" data-widget_type=\"text-editor.default\">\n\t\t\t\t<div class=\"elementor-widget-container\">\n\t\t\t\t\t\t\t\t\t<p>Compl\u00e9tez votre soir\u00e9e chez Il Rialto en r\u00e9servant d\u00e8s maintenant une table. Remplissez le formulaire ci-dessous avec vos coordonn\u00e9es et les d\u00e9tails de votre r\u00e9servation pour une exp\u00e9rience culinaire inoubliable. Nous sommes impatients de vous accueillir et de vous faire savourer nos meilleurs plats italiens et notre hospitalit\u00e9. Grazie mille !<\/p>\n\t\t\t\t\t\t\t\t<\/div>\n\t\t\t\t<\/div>\n\t\t<div class=\"elementor-element elementor-element-a8017b5 e-flex e-con-boxed e-con e-child\" data-id=\"a8017b5\" data-element_type=\"container\" data-e-type=\"container\" data-settings=\"{&quot;background_background&quot;:&quot;classic&quot;}\">\n\t\t\t\t\t<div class=\"e-con-inner\">\n\t\t\t\t<div class=\"elementor-element elementor-element-523524a elementor-button-align-center elementor-widget elementor-widget-form\" data-id=\"523524a\" data-element_type=\"widget\" data-e-type=\"widget\" data-settings=\"{&quot;step_next_label&quot;:&quot;Next&quot;,&quot;step_previous_label&quot;:&quot;Previous&quot;,&quot;button_width&quot;:&quot;100&quot;,&quot;step_type&quot;:&quot;number_text&quot;,&quot;step_icon_shape&quot;:&quot;circle&quot;}\" data-widget_type=\"form.default\">\n\t\t\t\t<div class=\"elementor-widget-container\">\n\t\t\t\t\t\t\t<form class=\"elementor-form\" method=\"post\" name=\"R\u00e9servez votre table\" aria-label=\"R\u00e9servez votre table\" novalidate=\"\">\n\t\t\t<input type=\"hidden\" name=\"post_id\" value=\"303\"\/>\n\t\t\t<input type=\"hidden\" name=\"form_id\" value=\"523524a\"\/>\n\t\t\t<input type=\"hidden\" name=\"referer_title\" value=\"R\u00e9servez Votre Table | Il Rialto Knokke-Heist | Restaurant Italien\" \/>\n\n\t\t\t\t\t\t\t<input type=\"hidden\" name=\"queried_id\" value=\"303\"\/>\n\t\t\t\n\t\t\t<div class=\"elementor-form-fields-wrapper elementor-labels-above\">\n\t\t\t\t\t\t\t\t<div class=\"elementor-field-type-text elementor-field-group elementor-column elementor-field-group-name elementor-col-100 elementor-field-required elementor-mark-required\">\n\t\t\t\t\t\t\t\t\t\t\t\t<label for=\"form-field-name\" class=\"elementor-field-label\">\n\t\t\t\t\t\t\t\tNom\t\t\t\t\t\t\t<\/label>\n\t\t\t\t\t\t\t\t\t\t\t\t\t\t<input size=\"1\" type=\"text\" name=\"form_fields[name]\" id=\"form-field-name\" class=\"elementor-field elementor-size-md  elementor-field-textual\" placeholder=\"Veuillez entrer votre nom.\" required=\"required\">\n\t\t\t\t\t\t\t\t\t\t\t<\/div>\n\t\t\t\t\t\t\t\t<div class=\"elementor-field-type-text elementor-field-group elementor-column elementor-field-group-field_46b31af elementor-col-50 elementor-field-required elementor-mark-required\">\n\t\t\t\t\t\t\t\t\t\t\t\t<label for=\"form-field-field_46b31af\" class=\"elementor-field-label\">\n\t\t\t\t\t\t\t\tT\u00e9l\u00e9phone\t\t\t\t\t\t\t<\/label>\n\t\t\t\t\t\t\t\t\t\t\t\t\t\t<input size=\"1\" type=\"text\" name=\"form_fields[field_46b31af]\" id=\"form-field-field_46b31af\" class=\"elementor-field elementor-size-md  elementor-field-textual\" placeholder=\"Veuillez entrer votre num\u00e9ro de t\u00e9l\u00e9phone.\" required=\"required\">\n\t\t\t\t\t\t\t\t\t\t\t<\/div>\n\t\t\t\t\t\t\t\t<div class=\"elementor-field-type-email elementor-field-group elementor-column elementor-field-group-email elementor-col-50 elementor-field-required elementor-mark-required\">\n\t\t\t\t\t\t\t\t\t\t\t\t<label for=\"form-field-email\" class=\"elementor-field-label\">\n\t\t\t\t\t\t\t\tEmail\t\t\t\t\t\t\t<\/label>\n\t\t\t\t\t\t\t\t\t\t\t\t\t\t<input size=\"1\" type=\"email\" name=\"form_fields[email]\" id=\"form-field-email\" class=\"elementor-field elementor-size-md  elementor-field-textual\" placeholder=\"Veuillez entrer votre adresse e-mail.\" required=\"required\">\n\t\t\t\t\t\t\t\t\t\t\t<\/div>\n\t\t\t\t\t\t\t\t<div class=\"elementor-field-type-date elementor-field-group elementor-column elementor-field-group-field_dc0dacd elementor-col-50 elementor-field-required elementor-mark-required\">\n\t\t\t\t\t\t\t\t\t\t\t\t<label for=\"form-field-field_dc0dacd\" class=\"elementor-field-label\">\n\t\t\t\t\t\t\t\tDate\t\t\t\t\t\t\t<\/label>\n\t\t\t\t\t\t\n\t\t<input type=\"date\" name=\"form_fields[field_dc0dacd]\" id=\"form-field-field_dc0dacd\" class=\"elementor-field elementor-size-md  elementor-field-textual elementor-date-field\" required=\"required\" pattern=\"[0-9]{4}-[0-9]{2}-[0-9]{2}\">\n\t\t\t\t\t\t<\/div>\n\t\t\t\t\t\t\t\t<div class=\"elementor-field-type-select elementor-field-group elementor-column elementor-field-group-field_29aea64 elementor-col-50 elementor-field-required elementor-mark-required\">\n\t\t\t\t\t\t\t\t\t\t\t\t<label for=\"form-field-field_29aea64\" class=\"elementor-field-label\">\n\t\t\t\t\t\t\t\tHeure\t\t\t\t\t\t\t<\/label>\n\t\t\t\t\t\t\t\t<div class=\"elementor-field elementor-select-wrapper remove-before \">\n\t\t\t<div class=\"select-caret-down-wrapper\">\n\t\t\t\t<svg aria-hidden=\"true\" class=\"e-font-icon-svg e-eicon-caret-down\" viewBox=\"0 0 571.4 571.4\" xmlns=\"http:\/\/www.w3.org\/2000\/svg\"><path d=\"M571 393Q571 407 561 418L311 668Q300 679 286 679T261 668L11 418Q0 407 0 393T11 368 36 357H536Q550 357 561 368T571 393Z\"><\/path><\/svg>\t\t\t<\/div>\n\t\t\t<select name=\"form_fields[field_29aea64]\" id=\"form-field-field_29aea64\" class=\"elementor-field-textual elementor-size-md\" required=\"required\">\n\t\t\t\t\t\t\t\t\t<option value=\"de 12:00 \u00e0 ...\">de 12:00 \u00e0 ...<\/option>\n\t\t\t\t\t\t\t\t\t<option value=\"de 13:00 \u00e0 ...\">de 13:00 \u00e0 ...<\/option>\n\t\t\t\t\t\t\t\t\t<option value=\"de 18:00 \u00e0 20:00\">de 18:00 \u00e0 20:00<\/option>\n\t\t\t\t\t\t\t\t\t<option value=\"de 20:00 \u00e0 ...\">de 20:00 \u00e0 ...<\/option>\n\t\t\t\t\t\t\t\t\t<option value=\"de 21:00 \u00e0 ...\">de 21:00 \u00e0 ...<\/option>\n\t\t\t\t\t\t\t<\/select>\n\t\t<\/div>\n\t\t\t\t\t\t<\/div>\n\t\t\t\t\t\t\t\t<div class=\"elementor-field-type-number elementor-field-group elementor-column elementor-field-group-field_00dd4e2 elementor-col-100 elementor-field-required elementor-mark-required\">\n\t\t\t\t\t\t\t\t\t\t\t\t<label for=\"form-field-field_00dd4e2\" class=\"elementor-field-label\">\n\t\t\t\t\t\t\t\tNombre de personnes\t\t\t\t\t\t\t<\/label>\n\t\t\t\t\t\t\t\t\t<input type=\"number\" name=\"form_fields[field_00dd4e2]\" id=\"form-field-field_00dd4e2\" class=\"elementor-field elementor-size-md  elementor-field-textual\" required=\"required\" min=\"\" max=\"\" >\n\t\t\t\t\t\t<\/div>\n\t\t\t\t\t\t\t\t<div class=\"elementor-field-type-textarea elementor-field-group elementor-column elementor-field-group-message elementor-col-100\">\n\t\t\t\t\t\t\t\t\t\t\t\t<label for=\"form-field-message\" class=\"elementor-field-label\">\n\t\t\t\t\t\t\t\tCommentaires\t\t\t\t\t\t\t<\/label>\n\t\t\t\t\t\t<textarea class=\"elementor-field-textual elementor-field  elementor-size-md\" name=\"form_fields[message]\" id=\"form-field-message\" rows=\"4\" placeholder=\"Notez d&#039;\u00e9ventuels commentaires.\"><\/textarea>\t\t\t\t<\/div>\n\t\t\t\t\t\t\t\t<div class=\"elementor-field-type-text\">\n\t\t\t\t\t<input size=\"1\" type=\"text\" name=\"form_fields[field_2a9a79e]\" id=\"form-field-field_2a9a79e\" class=\"elementor-field elementor-size-md \" style=\"display:none !important;\">\t\t\t\t<\/div>\n\t\t\t\t\t\t\t\t<div class=\"elementor-field-type-recaptcha elementor-field-group elementor-column elementor-field-group-field_8b6b249 elementor-col-100\">\n\t\t\t\t\t<div class=\"elementor-field\" id=\"form-field-field_8b6b249\"><div class=\"elementor-g-recaptcha\" data-sitekey=\"6LenTPYbAAAAAH6z8VoHzBkF-b1hZwPOyZ0r6DQX\" data-type=\"v2_checkbox\" data-theme=\"dark\" data-size=\"normal\"><\/div><\/div>\t\t\t\t<\/div>\n\t\t\t\t\t\t\t\t<div class=\"elementor-field-group elementor-column elementor-field-type-submit elementor-col-100 e-form__buttons\">\n\t\t\t\t\t<button class=\"elementor-button elementor-size-md\" type=\"submit\">\n\t\t\t\t\t\t<span class=\"elementor-button-content-wrapper\">\n\t\t\t\t\t\t\t\t\t\t\t\t\t\t\t\t\t\t\t\t\t\t<span class=\"elementor-button-text\">R\u00e9servez votre table<\/span>\n\t\t\t\t\t\t\t\t\t\t\t\t\t<\/span>\n\t\t\t\t\t<\/button>\n\t\t\t\t<\/div>\n\t\t\t<\/div>\n\t\t<\/form>\n\t\t\t\t\t\t<\/div>\n\t\t\t\t<\/div>\n\t\t\t\t\t<\/div>\n\t\t\t\t<\/div>\n\t\t\t\t\t<\/div>\n\t\t\t\t<\/div>\n\t\t\t\t<\/div>\n\t\t","protected":false},"excerpt":{"rendered":"<p>R\u00e9servation chez Il Rialto Compl\u00e9tez votre soir\u00e9e chez Il Rialto en r\u00e9servant d\u00e8s maintenant une table. Remplissez le formulaire ci-dessous avec vos coordonn\u00e9es et les d\u00e9tails de votre r\u00e9servation pour une exp\u00e9rience culinaire inoubliable. Nous sommes impatients de vous accueillir et de vous faire savourer nos meilleurs plats italiens et notre hospitalit\u00e9. Grazie mille !<\/p>\n","protected":false},"author":1,"featured_media":0,"parent":0,"menu_order":0,"comment_status":"closed","ping_status":"closed","template":"","meta":{"footnotes":""},"class_list":["post-303","page","type-page","status-publish","hentry"],"yoast_head":"<!-- This site is optimized with the Yoast SEO plugin v27.0 - https:\/\/yoast.com\/product\/yoast-seo-wordpress\/ -->\n<title>R\u00e9servez Votre Table | Il Rialto Knokke-Heist | Restaurant Italien<\/title>\n<meta name=\"description\" content=\"R\u00e9servez facilement votre table chez Il Rialto au Rubensplein. Remplissez notre formulaire de contact et assurez-vous une place pour une exp\u00e9rience italienne.\" \/>\n<meta name=\"robots\" content=\"index, follow, max-snippet:-1, max-image-preview:large, max-video-preview:-1\" \/>\n<link rel=\"canonical\" href=\"https:\/\/ilrialto.be\/fr\/reservation\/\" \/>\n<meta property=\"og:locale\" content=\"fr_FR\" \/>\n<meta property=\"og:type\" content=\"article\" \/>\n<meta property=\"og:title\" content=\"R\u00e9servez Votre Table | Il Rialto Knokke-Heist | Restaurant Italien\" \/>\n<meta property=\"og:description\" content=\"R\u00e9servez facilement votre table chez Il Rialto au Rubensplein. Remplissez notre formulaire de contact et assurez-vous une place pour une exp\u00e9rience italienne.\" \/>\n<meta property=\"og:url\" content=\"https:\/\/ilrialto.be\/fr\/reservation\/\" \/>\n<meta property=\"og:site_name\" content=\"Il Rialto\" \/>\n<meta property=\"article:modified_time\" content=\"2026-04-23T05:08:55+00:00\" \/>\n<meta property=\"og:image\" content=\"https:\/\/ilrialto.be\/wp-content\/uploads\/2024\/03\/italiaanse-kleuren.png\" \/>\n\t<meta property=\"og:image:width\" content=\"594\" \/>\n\t<meta property=\"og:image:height\" content=\"33\" \/>\n\t<meta property=\"og:image:type\" content=\"image\/png\" \/>\n<meta name=\"twitter:card\" content=\"summary_large_image\" \/>\n<meta name=\"twitter:label1\" content=\"Dur\u00e9e de lecture est.\" \/>\n\t<meta name=\"twitter:data1\" content=\"1 minute\" \/>\n<script type=\"application\/ld+json\" class=\"yoast-schema-graph\">{\"@context\":\"https:\/\/schema.org\",\"@graph\":[{\"@type\":\"WebPage\",\"@id\":\"https:\/\/ilrialto.be\/fr\/reservation\/\",\"url\":\"https:\/\/ilrialto.be\/fr\/reservation\/\",\"name\":\"R\u00e9servez Votre Table | Il Rialto Knokke-Heist | Restaurant Italien\",\"isPartOf\":{\"@id\":\"https:\/\/ilrialto.be\/fr\/#website\"},\"primaryImageOfPage\":{\"@id\":\"https:\/\/ilrialto.be\/fr\/reservation\/#primaryimage\"},\"image\":{\"@id\":\"https:\/\/ilrialto.be\/fr\/reservation\/#primaryimage\"},\"thumbnailUrl\":\"https:\/\/ilrialto.be\/wp-content\/uploads\/2024\/03\/italiaanse-kleuren.png\",\"datePublished\":\"2024-03-28T05:01:27+00:00\",\"dateModified\":\"2026-04-23T05:08:55+00:00\",\"description\":\"R\u00e9servez facilement votre table chez Il Rialto au Rubensplein. Remplissez notre formulaire de contact et assurez-vous une place pour une exp\u00e9rience italienne.\",\"breadcrumb\":{\"@id\":\"https:\/\/ilrialto.be\/fr\/reservation\/#breadcrumb\"},\"inLanguage\":\"fr-BE\",\"potentialAction\":[{\"@type\":\"ReadAction\",\"target\":[\"https:\/\/ilrialto.be\/fr\/reservation\/\"]}]},{\"@type\":\"ImageObject\",\"inLanguage\":\"fr-BE\",\"@id\":\"https:\/\/ilrialto.be\/fr\/reservation\/#primaryimage\",\"url\":\"https:\/\/ilrialto.be\/wp-content\/uploads\/2024\/03\/italiaanse-kleuren.png\",\"contentUrl\":\"https:\/\/ilrialto.be\/wp-content\/uploads\/2024\/03\/italiaanse-kleuren.png\"},{\"@type\":\"BreadcrumbList\",\"@id\":\"https:\/\/ilrialto.be\/fr\/reservation\/#breadcrumb\",\"itemListElement\":[{\"@type\":\"ListItem\",\"position\":1,\"name\":\"Home\",\"item\":\"https:\/\/ilrialto.be\/fr\/\"},{\"@type\":\"ListItem\",\"position\":2,\"name\":\"R\u00e9servation\"}]},{\"@type\":\"WebSite\",\"@id\":\"https:\/\/ilrialto.be\/fr\/#website\",\"url\":\"https:\/\/ilrialto.be\/fr\/\",\"name\":\"Il Rialto\",\"description\":\"Passie voor de Italiaanse keuken met zicht op zee.\",\"publisher\":{\"@id\":\"https:\/\/ilrialto.be\/fr\/#organization\"},\"potentialAction\":[{\"@type\":\"SearchAction\",\"target\":{\"@type\":\"EntryPoint\",\"urlTemplate\":\"https:\/\/ilrialto.be\/fr\/?s={search_term_string}\"},\"query-input\":{\"@type\":\"PropertyValueSpecification\",\"valueRequired\":true,\"valueName\":\"search_term_string\"}}],\"inLanguage\":\"fr-BE\"},{\"@type\":\"Organization\",\"@id\":\"https:\/\/ilrialto.be\/fr\/#organization\",\"name\":\"Il Rialto\",\"url\":\"https:\/\/ilrialto.be\/fr\/\",\"logo\":{\"@type\":\"ImageObject\",\"inLanguage\":\"fr-BE\",\"@id\":\"https:\/\/ilrialto.be\/fr\/#\/schema\/logo\/image\/\",\"url\":\"https:\/\/ilrialto.be\/wp-content\/uploads\/2024\/03\/ilrialto_logo.jpg\",\"contentUrl\":\"https:\/\/ilrialto.be\/wp-content\/uploads\/2024\/03\/ilrialto_logo.jpg\",\"width\":900,\"height\":600,\"caption\":\"Il Rialto\"},\"image\":{\"@id\":\"https:\/\/ilrialto.be\/fr\/#\/schema\/logo\/image\/\"}}]}<\/script>\n<!-- \/ Yoast SEO plugin. -->","yoast_head_json":{"title":"R\u00e9servez Votre Table | Il Rialto Knokke-Heist | Restaurant Italien","description":"R\u00e9servez facilement votre table chez Il Rialto au Rubensplein. Remplissez notre formulaire de contact et assurez-vous une place pour une exp\u00e9rience italienne.","robots":{"index":"index","follow":"follow","max-snippet":"max-snippet:-1","max-image-preview":"max-image-preview:large","max-video-preview":"max-video-preview:-1"},"canonical":"https:\/\/ilrialto.be\/fr\/reservation\/","og_locale":"fr_FR","og_type":"article","og_title":"R\u00e9servez Votre Table | Il Rialto Knokke-Heist | Restaurant Italien","og_description":"R\u00e9servez facilement votre table chez Il Rialto au Rubensplein. Remplissez notre formulaire de contact et assurez-vous une place pour une exp\u00e9rience italienne.","og_url":"https:\/\/ilrialto.be\/fr\/reservation\/","og_site_name":"Il Rialto","article_modified_time":"2026-04-23T05:08:55+00:00","og_image":[{"width":594,"height":33,"url":"https:\/\/ilrialto.be\/wp-content\/uploads\/2024\/03\/italiaanse-kleuren.png","type":"image\/png"}],"twitter_card":"summary_large_image","twitter_misc":{"Dur\u00e9e de lecture est.":"1 minute"},"schema":{"@context":"https:\/\/schema.org","@graph":[{"@type":"WebPage","@id":"https:\/\/ilrialto.be\/fr\/reservation\/","url":"https:\/\/ilrialto.be\/fr\/reservation\/","name":"R\u00e9servez Votre Table | Il Rialto Knokke-Heist | Restaurant Italien","isPartOf":{"@id":"https:\/\/ilrialto.be\/fr\/#website"},"primaryImageOfPage":{"@id":"https:\/\/ilrialto.be\/fr\/reservation\/#primaryimage"},"image":{"@id":"https:\/\/ilrialto.be\/fr\/reservation\/#primaryimage"},"thumbnailUrl":"https:\/\/ilrialto.be\/wp-content\/uploads\/2024\/03\/italiaanse-kleuren.png","datePublished":"2024-03-28T05:01:27+00:00","dateModified":"2026-04-23T05:08:55+00:00","description":"R\u00e9servez facilement votre table chez Il Rialto au Rubensplein. Remplissez notre formulaire de contact et assurez-vous une place pour une exp\u00e9rience italienne.","breadcrumb":{"@id":"https:\/\/ilrialto.be\/fr\/reservation\/#breadcrumb"},"inLanguage":"fr-BE","potentialAction":[{"@type":"ReadAction","target":["https:\/\/ilrialto.be\/fr\/reservation\/"]}]},{"@type":"ImageObject","inLanguage":"fr-BE","@id":"https:\/\/ilrialto.be\/fr\/reservation\/#primaryimage","url":"https:\/\/ilrialto.be\/wp-content\/uploads\/2024\/03\/italiaanse-kleuren.png","contentUrl":"https:\/\/ilrialto.be\/wp-content\/uploads\/2024\/03\/italiaanse-kleuren.png"},{"@type":"BreadcrumbList","@id":"https:\/\/ilrialto.be\/fr\/reservation\/#breadcrumb","itemListElement":[{"@type":"ListItem","position":1,"name":"Home","item":"https:\/\/ilrialto.be\/fr\/"},{"@type":"ListItem","position":2,"name":"R\u00e9servation"}]},{"@type":"WebSite","@id":"https:\/\/ilrialto.be\/fr\/#website","url":"https:\/\/ilrialto.be\/fr\/","name":"Il Rialto","description":"Passie voor de Italiaanse keuken met zicht op zee.","publisher":{"@id":"https:\/\/ilrialto.be\/fr\/#organization"},"potentialAction":[{"@type":"SearchAction","target":{"@type":"EntryPoint","urlTemplate":"https:\/\/ilrialto.be\/fr\/?s={search_term_string}"},"query-input":{"@type":"PropertyValueSpecification","valueRequired":true,"valueName":"search_term_string"}}],"inLanguage":"fr-BE"},{"@type":"Organization","@id":"https:\/\/ilrialto.be\/fr\/#organization","name":"Il Rialto","url":"https:\/\/ilrialto.be\/fr\/","logo":{"@type":"ImageObject","inLanguage":"fr-BE","@id":"https:\/\/ilrialto.be\/fr\/#\/schema\/logo\/image\/","url":"https:\/\/ilrialto.be\/wp-content\/uploads\/2024\/03\/ilrialto_logo.jpg","contentUrl":"https:\/\/ilrialto.be\/wp-content\/uploads\/2024\/03\/ilrialto_logo.jpg","width":900,"height":600,"caption":"Il Rialto"},"image":{"@id":"https:\/\/ilrialto.be\/fr\/#\/schema\/logo\/image\/"}}]}},"_links":{"self":[{"href":"https:\/\/ilrialto.be\/fr\/wp-json\/wp\/v2\/pages\/303","targetHints":{"allow":["GET"]}}],"collection":[{"href":"https:\/\/ilrialto.be\/fr\/wp-json\/wp\/v2\/pages"}],"about":[{"href":"https:\/\/ilrialto.be\/fr\/wp-json\/wp\/v2\/types\/page"}],"author":[{"embeddable":true,"href":"https:\/\/ilrialto.be\/fr\/wp-json\/wp\/v2\/users\/1"}],"replies":[{"embeddable":true,"href":"https:\/\/ilrialto.be\/fr\/wp-json\/wp\/v2\/comments?post=303"}],"version-history":[{"count":17,"href":"https:\/\/ilrialto.be\/fr\/wp-json\/wp\/v2\/pages\/303\/revisions"}],"predecessor-version":[{"id":493,"href":"https:\/\/ilrialto.be\/fr\/wp-json\/wp\/v2\/pages\/303\/revisions\/493"}],"wp:attachment":[{"href":"https:\/\/ilrialto.be\/fr\/wp-json\/wp\/v2\/media?parent=303"}],"curies":[{"name":"wp","href":"https:\/\/api.w.org\/{rel}","templated":true}]}}