{"id":301,"date":"2024-03-28T06:01:42","date_gmt":"2024-03-28T05:01:42","guid":{"rendered":"https:\/\/ilrialto.be\/contact\/"},"modified":"2025-09-03T09:14:00","modified_gmt":"2025-09-03T07:14:00","slug":"contact","status":"publish","type":"page","link":"https:\/\/ilrialto.be\/fr\/contact\/","title":{"rendered":"Contact"},"content":{"rendered":"\t\t<div data-elementor-type=\"wp-page\" data-elementor-id=\"301\" class=\"elementor elementor-301 elementor-21\" data-elementor-post-type=\"page\">\n\t\t\t\t<div class=\"elementor-element elementor-element-5f6fcc6 e-flex e-con-boxed e-con e-parent\" data-id=\"5f6fcc6\" data-element_type=\"container\" data-e-type=\"container\" data-settings=\"{&quot;background_background&quot;:&quot;classic&quot;}\">\n\t\t\t\t\t<div class=\"e-con-inner\">\n\t\t\t\t\t<\/div>\n\t\t\t\t<\/div>\n\t\t<div class=\"elementor-element elementor-element-b0f495f e-flex e-con-boxed e-con e-parent\" data-id=\"b0f495f\" data-element_type=\"container\" data-e-type=\"container\">\n\t\t\t\t\t<div class=\"e-con-inner\">\n\t\t\t\t<div class=\"elementor-element elementor-element-7ca8056 elementor-widget__width-initial elementor-widget elementor-widget-text-editor\" data-id=\"7ca8056\" data-element_type=\"widget\" data-e-type=\"widget\" data-widget_type=\"text-editor.default\">\n\t\t\t\t<div class=\"elementor-widget-container\">\n\t\t\t\t\t\t\t\t\t<p>Pour des questions, r\u00e9servations ou plus d&rsquo;informations, n&rsquo;h\u00e9sitez pas \u00e0 nous contacter. Notre \u00e9quipe sympathique est pr\u00eate \u00e0 vous aider et \u00e0 rendre votre exp\u00e9rience chez Il Rialto aussi agr\u00e9able que possible. Nous sommes impatients de vous entendre !<\/p>\n\t\t\t\t\t\t\t\t<\/div>\n\t\t\t\t<\/div>\n\t\t\t\t\t<\/div>\n\t\t\t\t<\/div>\n\t\t<div class=\"elementor-element elementor-element-cd65b5b e-flex e-con-boxed e-con e-parent\" data-id=\"cd65b5b\" data-element_type=\"container\" data-e-type=\"container\">\n\t\t\t\t\t<div class=\"e-con-inner\">\n\t\t<div class=\"elementor-element elementor-element-2e80dcf e-con-full e-flex e-con e-child\" data-id=\"2e80dcf\" data-element_type=\"container\" data-e-type=\"container\" data-settings=\"{&quot;background_background&quot;:&quot;classic&quot;}\">\n\t\t\t\t<div class=\"elementor-element elementor-element-df7bf47 elementor-widget elementor-widget-heading\" data-id=\"df7bf47\" data-element_type=\"widget\" data-e-type=\"widget\" data-widget_type=\"heading.default\">\n\t\t\t\t<div class=\"elementor-widget-container\">\n\t\t\t\t\t<h3 class=\"elementor-heading-title elementor-size-default\">Il Rialto<\/h3>\t\t\t\t<\/div>\n\t\t\t\t<\/div>\n\t\t\t\t<div class=\"elementor-element elementor-element-59c02fa elementor-widget elementor-widget-image\" data-id=\"59c02fa\" data-element_type=\"widget\" data-e-type=\"widget\" data-widget_type=\"image.default\">\n\t\t\t\t<div class=\"elementor-widget-container\">\n\t\t\t\t\t\t\t\t\t\t\t\t\t\t\t<img decoding=\"async\" width=\"594\" height=\"33\" src=\"https:\/\/ilrialto.be\/wp-content\/uploads\/2024\/03\/italiaanse-kleuren.png\" class=\"attachment-large size-large wp-image-298\" alt=\"\" srcset=\"https:\/\/ilrialto.be\/wp-content\/uploads\/2024\/03\/italiaanse-kleuren.png 594w, https:\/\/ilrialto.be\/wp-content\/uploads\/2024\/03\/italiaanse-kleuren-300x17.png 300w\" sizes=\"(max-width: 594px) 100vw, 594px\" \/>\t\t\t\t\t\t\t\t\t\t\t\t\t\t\t<\/div>\n\t\t\t\t<\/div>\n\t\t\t\t<div class=\"elementor-element elementor-element-ae045c0 elementor-widget elementor-widget-text-editor\" data-id=\"ae045c0\" data-element_type=\"widget\" data-e-type=\"widget\" data-widget_type=\"text-editor.default\">\n\t\t\t\t<div class=\"elementor-widget-container\">\n\t\t\t\t\t\t\t\t\t<p>La digue 580, place Rubens<br \/>\n8300 Knokke<\/p>\n\t\t\t\t\t\t\t\t<\/div>\n\t\t\t\t<\/div>\n\t\t\t\t<\/div>\n\t\t<div class=\"elementor-element elementor-element-c2bdb04 e-con-full e-flex e-con e-child\" data-id=\"c2bdb04\" data-element_type=\"container\" data-e-type=\"container\" data-settings=\"{&quot;background_background&quot;:&quot;classic&quot;}\">\n\t\t\t\t<div class=\"elementor-element elementor-element-a049065 elementor-widget elementor-widget-heading\" data-id=\"a049065\" data-element_type=\"widget\" data-e-type=\"widget\" data-widget_type=\"heading.default\">\n\t\t\t\t<div class=\"elementor-widget-container\">\n\t\t\t\t\t<h3 class=\"elementor-heading-title elementor-size-default\">T\u00e9l\u00e9phone<\/h3>\t\t\t\t<\/div>\n\t\t\t\t<\/div>\n\t\t\t\t<div class=\"elementor-element elementor-element-30d28bd elementor-widget elementor-widget-image\" data-id=\"30d28bd\" data-element_type=\"widget\" data-e-type=\"widget\" data-widget_type=\"image.default\">\n\t\t\t\t<div class=\"elementor-widget-container\">\n\t\t\t\t\t\t\t\t\t\t\t\t\t\t\t<img decoding=\"async\" width=\"594\" height=\"33\" src=\"https:\/\/ilrialto.be\/wp-content\/uploads\/2024\/03\/italiaanse-kleuren.png\" class=\"attachment-large size-large wp-image-298\" alt=\"\" srcset=\"https:\/\/ilrialto.be\/wp-content\/uploads\/2024\/03\/italiaanse-kleuren.png 594w, https:\/\/ilrialto.be\/wp-content\/uploads\/2024\/03\/italiaanse-kleuren-300x17.png 300w\" sizes=\"(max-width: 594px) 100vw, 594px\" \/>\t\t\t\t\t\t\t\t\t\t\t\t\t\t\t<\/div>\n\t\t\t\t<\/div>\n\t\t\t\t<div class=\"elementor-element elementor-element-b9b7087 elementor-align-center elementor-icon-list--layout-traditional elementor-list-item-link-full_width elementor-widget elementor-widget-icon-list\" data-id=\"b9b7087\" data-element_type=\"widget\" data-e-type=\"widget\" data-widget_type=\"icon-list.default\">\n\t\t\t\t<div class=\"elementor-widget-container\">\n\t\t\t\t\t\t\t<ul class=\"elementor-icon-list-items\">\n\t\t\t\t\t\t\t<li class=\"elementor-icon-list-item\">\n\t\t\t\t\t\t\t\t\t\t\t<a href=\"tel:003250614161\">\n\n\t\t\t\t\t\t\t\t\t\t\t<span class=\"elementor-icon-list-text\">050 61 41 61<\/span>\n\t\t\t\t\t\t\t\t\t\t\t<\/a>\n\t\t\t\t\t\t\t\t\t<\/li>\n\t\t\t\t\t\t<\/ul>\n\t\t\t\t\t\t<\/div>\n\t\t\t\t<\/div>\n\t\t\t\t<\/div>\n\t\t<div class=\"elementor-element elementor-element-033858b e-con-full e-flex e-con e-child\" data-id=\"033858b\" data-element_type=\"container\" data-e-type=\"container\" data-settings=\"{&quot;background_background&quot;:&quot;classic&quot;}\">\n\t\t\t\t<div class=\"elementor-element elementor-element-622df1b elementor-widget elementor-widget-heading\" data-id=\"622df1b\" data-element_type=\"widget\" data-e-type=\"widget\" data-widget_type=\"heading.default\">\n\t\t\t\t<div class=\"elementor-widget-container\">\n\t\t\t\t\t<h3 class=\"elementor-heading-title elementor-size-default\">Email<\/h3>\t\t\t\t<\/div>\n\t\t\t\t<\/div>\n\t\t\t\t<div class=\"elementor-element elementor-element-cde6348 elementor-widget elementor-widget-image\" data-id=\"cde6348\" data-element_type=\"widget\" data-e-type=\"widget\" data-widget_type=\"image.default\">\n\t\t\t\t<div class=\"elementor-widget-container\">\n\t\t\t\t\t\t\t\t\t\t\t\t\t\t\t<img decoding=\"async\" width=\"594\" height=\"33\" src=\"https:\/\/ilrialto.be\/wp-content\/uploads\/2024\/03\/italiaanse-kleuren.png\" class=\"attachment-large size-large wp-image-298\" alt=\"\" srcset=\"https:\/\/ilrialto.be\/wp-content\/uploads\/2024\/03\/italiaanse-kleuren.png 594w, https:\/\/ilrialto.be\/wp-content\/uploads\/2024\/03\/italiaanse-kleuren-300x17.png 300w\" sizes=\"(max-width: 594px) 100vw, 594px\" \/>\t\t\t\t\t\t\t\t\t\t\t\t\t\t\t<\/div>\n\t\t\t\t<\/div>\n\t\t\t\t<div class=\"elementor-element elementor-element-7d2e71b elementor-align-center elementor-icon-list--layout-traditional elementor-list-item-link-full_width elementor-widget elementor-widget-icon-list\" data-id=\"7d2e71b\" data-element_type=\"widget\" data-e-type=\"widget\" data-widget_type=\"icon-list.default\">\n\t\t\t\t<div class=\"elementor-widget-container\">\n\t\t\t\t\t\t\t<ul class=\"elementor-icon-list-items\">\n\t\t\t\t\t\t\t<li class=\"elementor-icon-list-item\">\n\t\t\t\t\t\t\t\t\t\t\t<a href=\"mailto:info@ilrialto.be\">\n\n\t\t\t\t\t\t\t\t\t\t\t<span class=\"elementor-icon-list-text\">info@ilrialto.be<\/span>\n\t\t\t\t\t\t\t\t\t\t\t<\/a>\n\t\t\t\t\t\t\t\t\t<\/li>\n\t\t\t\t\t\t<\/ul>\n\t\t\t\t\t\t<\/div>\n\t\t\t\t<\/div>\n\t\t\t\t<\/div>\n\t\t\t\t\t<\/div>\n\t\t\t\t<\/div>\n\t\t<div class=\"elementor-element elementor-element-9459689 e-flex e-con-boxed e-con e-parent\" data-id=\"9459689\" data-element_type=\"container\" data-e-type=\"container\">\n\t\t\t\t\t<div class=\"e-con-inner\">\n\t\t<div class=\"elementor-element elementor-element-30a2578 e-con-full e-flex e-con e-child\" data-id=\"30a2578\" data-element_type=\"container\" data-e-type=\"container\">\n\t\t\t\t<div class=\"elementor-element elementor-element-f5832ea elementor-widget elementor-widget-heading\" data-id=\"f5832ea\" data-element_type=\"widget\" data-e-type=\"widget\" data-widget_type=\"heading.default\">\n\t\t\t\t<div class=\"elementor-widget-container\">\n\t\t\t\t\t<h4 class=\"elementor-heading-title elementor-size-default\">Heures d'ouverture<\/h4>\t\t\t\t<\/div>\n\t\t\t\t<\/div>\n\t\t\t\t<div class=\"elementor-element elementor-element-8bebdf0 elementor-widget elementor-widget-text-editor\" data-id=\"8bebdf0\" data-element_type=\"widget\" data-e-type=\"widget\" data-widget_type=\"text-editor.default\">\n\t\t\t\t<div class=\"elementor-widget-container\">\n\t\t\t\t\t\t\t\t\t<p><strong>Semaine<\/strong> : 12h &#8211; 14h30 &amp; 18h &#8211; 22h<br \/>\n<strong>Samedi<\/strong> : 12h &#8211; 14h30 &amp; 18h &#8211; 23h<br \/>\n<strong>Dimanche<\/strong> : 12h &#8211; 15h &amp; 18h &#8211; 22h<br \/>\n<strong>Ferm\u00e9 le mercredi<\/strong><\/p>\n\t\t\t\t\t\t\t\t<\/div>\n\t\t\t\t<\/div>\n\t\t\t\t<div class=\"elementor-element elementor-element-ff29bf2 elementor-widget elementor-widget-text-editor\" data-id=\"ff29bf2\" data-element_type=\"widget\" data-e-type=\"widget\" data-widget_type=\"text-editor.default\">\n\t\t\t\t<div class=\"elementor-widget-container\">\n\t\t\t\t\t\t\t\t\t<p><strong>Du 1er septembre au 31 janvier<\/strong> : ferm\u00e9 les mardis et mercredis<br \/><strong>Du 1er f\u00e9vrier au 30 juin<\/strong> : ferm\u00e9 les mardis et mercredis<br \/><strong>Du 1er juillet au 30 septembre<\/strong> : ferm\u00e9 le mercredi<br \/><strong>Vacances scolaires<\/strong> : ouvert tous les jours<br \/><strong>Mardi soir en hiver<\/strong> : sur r\u00e9servation<\/p>\t\t\t\t\t\t\t\t<\/div>\n\t\t\t\t<\/div>\n\t\t\t\t<\/div>\n\t\t<div class=\"elementor-element elementor-element-636ed98 e-con-full e-flex e-con e-child\" data-id=\"636ed98\" data-element_type=\"container\" data-e-type=\"container\">\n\t\t\t\t<div class=\"elementor-element elementor-element-78a4fa0 elementor-widget elementor-widget-image\" data-id=\"78a4fa0\" data-element_type=\"widget\" data-e-type=\"widget\" data-widget_type=\"image.default\">\n\t\t\t\t<div class=\"elementor-widget-container\">\n\t\t\t\t\t\t\t\t\t\t\t\t\t\t\t<img fetchpriority=\"high\" decoding=\"async\" width=\"800\" height=\"534\" src=\"https:\/\/ilrialto.be\/wp-content\/uploads\/2024\/03\/Il-Rialto-20-1024x683.jpg\" class=\"attachment-large size-large wp-image-267\" alt=\"\" srcset=\"https:\/\/ilrialto.be\/wp-content\/uploads\/2024\/03\/Il-Rialto-20-1024x683.jpg 1024w, https:\/\/ilrialto.be\/wp-content\/uploads\/2024\/03\/Il-Rialto-20-300x200.jpg 300w, https:\/\/ilrialto.be\/wp-content\/uploads\/2024\/03\/Il-Rialto-20-768x512.jpg 768w, https:\/\/ilrialto.be\/wp-content\/uploads\/2024\/03\/Il-Rialto-20-1536x1024.jpg 1536w, https:\/\/ilrialto.be\/wp-content\/uploads\/2024\/03\/Il-Rialto-20.jpg 1800w\" sizes=\"(max-width: 800px) 100vw, 800px\" \/>\t\t\t\t\t\t\t\t\t\t\t\t\t\t\t<\/div>\n\t\t\t\t<\/div>\n\t\t\t\t<\/div>\n\t\t\t\t\t<\/div>\n\t\t\t\t<\/div>\n\t\t<div class=\"elementor-element elementor-element-a627f3e e-con-full e-flex e-con e-parent\" data-id=\"a627f3e\" data-element_type=\"container\" data-e-type=\"container\" data-settings=\"{&quot;background_background&quot;:&quot;classic&quot;}\">\n\t\t\t\t<div class=\"elementor-element elementor-element-4411751 elementor-widget elementor-widget-google_maps\" data-id=\"4411751\" data-element_type=\"widget\" data-e-type=\"widget\" data-widget_type=\"google_maps.default\">\n\t\t\t\t<div class=\"elementor-widget-container\">\n\t\t\t\t\t\t\t<div class=\"elementor-custom-embed\">\n\t\t\t<iframe loading=\"lazy\"\n\t\t\t\t\tsrc=\"https:\/\/maps.google.com\/maps?q=Il%20Rialto%2C%20Knokke&#038;t=m&#038;z=14&#038;output=embed&#038;iwloc=near\"\n\t\t\t\t\ttitle=\"Il Rialto, Knokke\"\n\t\t\t\t\taria-label=\"Il Rialto, Knokke\"\n\t\t\t><\/iframe>\n\t\t<\/div>\n\t\t\t\t\t\t<\/div>\n\t\t\t\t<\/div>\n\t\t\t\t<\/div>\n\t\t\t\t<\/div>\n\t\t","protected":false},"excerpt":{"rendered":"<p>Pour des questions, r\u00e9servations ou plus d&rsquo;informations, n&rsquo;h\u00e9sitez pas \u00e0 nous contacter. Notre \u00e9quipe sympathique est pr\u00eate \u00e0 vous aider et \u00e0 rendre votre exp\u00e9rience chez Il Rialto aussi agr\u00e9able que possible. Nous sommes impatients de vous entendre ! Il Rialto La digue 580, place Rubens 8300 Knokke T\u00e9l\u00e9phone 050 61 41 61 Email info@ilrialto.be [&hellip;]<\/p>\n","protected":false},"author":1,"featured_media":0,"parent":0,"menu_order":0,"comment_status":"closed","ping_status":"closed","template":"","meta":{"footnotes":""},"class_list":["post-301","page","type-page","status-publish","hentry"],"yoast_head":"<!-- This site is optimized with the Yoast SEO plugin v27.0 - https:\/\/yoast.com\/product\/yoast-seo-wordpress\/ -->\n<title>Contact &amp; Horaires | Il Rialto Knokke-Heist | Restaurant Italien<\/title>\n<meta name=\"description\" content=\"Trouvez nos coordonn\u00e9es, adresse et horaires d&#039;ouverture au Rubensplein \u00e0 Knokke-Heist. Contactez-nous ou venez nous voir pour une exp\u00e9rience italienne authentique.\" \/>\n<meta name=\"robots\" content=\"index, follow, max-snippet:-1, max-image-preview:large, max-video-preview:-1\" \/>\n<link rel=\"canonical\" href=\"https:\/\/ilrialto.be\/fr\/contact\/\" \/>\n<meta property=\"og:locale\" content=\"fr_FR\" \/>\n<meta property=\"og:type\" content=\"article\" \/>\n<meta property=\"og:title\" content=\"Contact &amp; Horaires | Il Rialto Knokke-Heist | Restaurant Italien\" \/>\n<meta property=\"og:description\" content=\"Trouvez nos coordonn\u00e9es, adresse et horaires d&#039;ouverture au Rubensplein \u00e0 Knokke-Heist. Contactez-nous ou venez nous voir pour une exp\u00e9rience italienne authentique.\" \/>\n<meta property=\"og:url\" content=\"https:\/\/ilrialto.be\/fr\/contact\/\" \/>\n<meta property=\"og:site_name\" content=\"Il Rialto\" \/>\n<meta property=\"article:modified_time\" content=\"2025-09-03T07:14:00+00:00\" \/>\n<meta property=\"og:image\" content=\"https:\/\/ilrialto.be\/wp-content\/uploads\/2024\/03\/italiaanse-kleuren.png\" \/>\n<meta name=\"twitter:card\" content=\"summary_large_image\" \/>\n<meta name=\"twitter:label1\" content=\"Dur\u00e9e de lecture est.\" \/>\n\t<meta name=\"twitter:data1\" content=\"2 minutes\" \/>\n<script type=\"application\/ld+json\" class=\"yoast-schema-graph\">{\"@context\":\"https:\/\/schema.org\",\"@graph\":[{\"@type\":\"WebPage\",\"@id\":\"https:\/\/ilrialto.be\/fr\/contact\/\",\"url\":\"https:\/\/ilrialto.be\/fr\/contact\/\",\"name\":\"Contact & Horaires | Il Rialto Knokke-Heist | Restaurant Italien\",\"isPartOf\":{\"@id\":\"https:\/\/ilrialto.be\/fr\/#website\"},\"primaryImageOfPage\":{\"@id\":\"https:\/\/ilrialto.be\/fr\/contact\/#primaryimage\"},\"image\":{\"@id\":\"https:\/\/ilrialto.be\/fr\/contact\/#primaryimage\"},\"thumbnailUrl\":\"https:\/\/ilrialto.be\/wp-content\/uploads\/2024\/03\/italiaanse-kleuren.png\",\"datePublished\":\"2024-03-28T05:01:42+00:00\",\"dateModified\":\"2025-09-03T07:14:00+00:00\",\"description\":\"Trouvez nos coordonn\u00e9es, adresse et horaires d'ouverture au Rubensplein \u00e0 Knokke-Heist. Contactez-nous ou venez nous voir pour une exp\u00e9rience italienne authentique.\",\"breadcrumb\":{\"@id\":\"https:\/\/ilrialto.be\/fr\/contact\/#breadcrumb\"},\"inLanguage\":\"fr-BE\",\"potentialAction\":[{\"@type\":\"ReadAction\",\"target\":[\"https:\/\/ilrialto.be\/fr\/contact\/\"]}]},{\"@type\":\"ImageObject\",\"inLanguage\":\"fr-BE\",\"@id\":\"https:\/\/ilrialto.be\/fr\/contact\/#primaryimage\",\"url\":\"https:\/\/ilrialto.be\/wp-content\/uploads\/2024\/03\/italiaanse-kleuren.png\",\"contentUrl\":\"https:\/\/ilrialto.be\/wp-content\/uploads\/2024\/03\/italiaanse-kleuren.png\"},{\"@type\":\"BreadcrumbList\",\"@id\":\"https:\/\/ilrialto.be\/fr\/contact\/#breadcrumb\",\"itemListElement\":[{\"@type\":\"ListItem\",\"position\":1,\"name\":\"Home\",\"item\":\"https:\/\/ilrialto.be\/fr\/\"},{\"@type\":\"ListItem\",\"position\":2,\"name\":\"Contact\"}]},{\"@type\":\"WebSite\",\"@id\":\"https:\/\/ilrialto.be\/fr\/#website\",\"url\":\"https:\/\/ilrialto.be\/fr\/\",\"name\":\"Il Rialto\",\"description\":\"Passie voor de Italiaanse keuken met zicht op zee.\",\"publisher\":{\"@id\":\"https:\/\/ilrialto.be\/fr\/#organization\"},\"potentialAction\":[{\"@type\":\"SearchAction\",\"target\":{\"@type\":\"EntryPoint\",\"urlTemplate\":\"https:\/\/ilrialto.be\/fr\/?s={search_term_string}\"},\"query-input\":{\"@type\":\"PropertyValueSpecification\",\"valueRequired\":true,\"valueName\":\"search_term_string\"}}],\"inLanguage\":\"fr-BE\"},{\"@type\":\"Organization\",\"@id\":\"https:\/\/ilrialto.be\/fr\/#organization\",\"name\":\"Il Rialto\",\"url\":\"https:\/\/ilrialto.be\/fr\/\",\"logo\":{\"@type\":\"ImageObject\",\"inLanguage\":\"fr-BE\",\"@id\":\"https:\/\/ilrialto.be\/fr\/#\/schema\/logo\/image\/\",\"url\":\"https:\/\/ilrialto.be\/wp-content\/uploads\/2024\/03\/ilrialto_logo.jpg\",\"contentUrl\":\"https:\/\/ilrialto.be\/wp-content\/uploads\/2024\/03\/ilrialto_logo.jpg\",\"width\":900,\"height\":600,\"caption\":\"Il Rialto\"},\"image\":{\"@id\":\"https:\/\/ilrialto.be\/fr\/#\/schema\/logo\/image\/\"}}]}<\/script>\n<!-- \/ Yoast SEO plugin. -->","yoast_head_json":{"title":"Contact & Horaires | Il Rialto Knokke-Heist | Restaurant Italien","description":"Trouvez nos coordonn\u00e9es, adresse et horaires d'ouverture au Rubensplein \u00e0 Knokke-Heist. Contactez-nous ou venez nous voir pour une exp\u00e9rience italienne authentique.","robots":{"index":"index","follow":"follow","max-snippet":"max-snippet:-1","max-image-preview":"max-image-preview:large","max-video-preview":"max-video-preview:-1"},"canonical":"https:\/\/ilrialto.be\/fr\/contact\/","og_locale":"fr_FR","og_type":"article","og_title":"Contact & Horaires | Il Rialto Knokke-Heist | Restaurant Italien","og_description":"Trouvez nos coordonn\u00e9es, adresse et horaires d'ouverture au Rubensplein \u00e0 Knokke-Heist. Contactez-nous ou venez nous voir pour une exp\u00e9rience italienne authentique.","og_url":"https:\/\/ilrialto.be\/fr\/contact\/","og_site_name":"Il Rialto","article_modified_time":"2025-09-03T07:14:00+00:00","og_image":[{"url":"https:\/\/ilrialto.be\/wp-content\/uploads\/2024\/03\/italiaanse-kleuren.png","type":"","width":"","height":""}],"twitter_card":"summary_large_image","twitter_misc":{"Dur\u00e9e de lecture est.":"2 minutes"},"schema":{"@context":"https:\/\/schema.org","@graph":[{"@type":"WebPage","@id":"https:\/\/ilrialto.be\/fr\/contact\/","url":"https:\/\/ilrialto.be\/fr\/contact\/","name":"Contact & Horaires | Il Rialto Knokke-Heist | Restaurant Italien","isPartOf":{"@id":"https:\/\/ilrialto.be\/fr\/#website"},"primaryImageOfPage":{"@id":"https:\/\/ilrialto.be\/fr\/contact\/#primaryimage"},"image":{"@id":"https:\/\/ilrialto.be\/fr\/contact\/#primaryimage"},"thumbnailUrl":"https:\/\/ilrialto.be\/wp-content\/uploads\/2024\/03\/italiaanse-kleuren.png","datePublished":"2024-03-28T05:01:42+00:00","dateModified":"2025-09-03T07:14:00+00:00","description":"Trouvez nos coordonn\u00e9es, adresse et horaires d'ouverture au Rubensplein \u00e0 Knokke-Heist. Contactez-nous ou venez nous voir pour une exp\u00e9rience italienne authentique.","breadcrumb":{"@id":"https:\/\/ilrialto.be\/fr\/contact\/#breadcrumb"},"inLanguage":"fr-BE","potentialAction":[{"@type":"ReadAction","target":["https:\/\/ilrialto.be\/fr\/contact\/"]}]},{"@type":"ImageObject","inLanguage":"fr-BE","@id":"https:\/\/ilrialto.be\/fr\/contact\/#primaryimage","url":"https:\/\/ilrialto.be\/wp-content\/uploads\/2024\/03\/italiaanse-kleuren.png","contentUrl":"https:\/\/ilrialto.be\/wp-content\/uploads\/2024\/03\/italiaanse-kleuren.png"},{"@type":"BreadcrumbList","@id":"https:\/\/ilrialto.be\/fr\/contact\/#breadcrumb","itemListElement":[{"@type":"ListItem","position":1,"name":"Home","item":"https:\/\/ilrialto.be\/fr\/"},{"@type":"ListItem","position":2,"name":"Contact"}]},{"@type":"WebSite","@id":"https:\/\/ilrialto.be\/fr\/#website","url":"https:\/\/ilrialto.be\/fr\/","name":"Il Rialto","description":"Passie voor de Italiaanse keuken met zicht op zee.","publisher":{"@id":"https:\/\/ilrialto.be\/fr\/#organization"},"potentialAction":[{"@type":"SearchAction","target":{"@type":"EntryPoint","urlTemplate":"https:\/\/ilrialto.be\/fr\/?s={search_term_string}"},"query-input":{"@type":"PropertyValueSpecification","valueRequired":true,"valueName":"search_term_string"}}],"inLanguage":"fr-BE"},{"@type":"Organization","@id":"https:\/\/ilrialto.be\/fr\/#organization","name":"Il Rialto","url":"https:\/\/ilrialto.be\/fr\/","logo":{"@type":"ImageObject","inLanguage":"fr-BE","@id":"https:\/\/ilrialto.be\/fr\/#\/schema\/logo\/image\/","url":"https:\/\/ilrialto.be\/wp-content\/uploads\/2024\/03\/ilrialto_logo.jpg","contentUrl":"https:\/\/ilrialto.be\/wp-content\/uploads\/2024\/03\/ilrialto_logo.jpg","width":900,"height":600,"caption":"Il Rialto"},"image":{"@id":"https:\/\/ilrialto.be\/fr\/#\/schema\/logo\/image\/"}}]}},"_links":{"self":[{"href":"https:\/\/ilrialto.be\/fr\/wp-json\/wp\/v2\/pages\/301","targetHints":{"allow":["GET"]}}],"collection":[{"href":"https:\/\/ilrialto.be\/fr\/wp-json\/wp\/v2\/pages"}],"about":[{"href":"https:\/\/ilrialto.be\/fr\/wp-json\/wp\/v2\/types\/page"}],"author":[{"embeddable":true,"href":"https:\/\/ilrialto.be\/fr\/wp-json\/wp\/v2\/users\/1"}],"replies":[{"embeddable":true,"href":"https:\/\/ilrialto.be\/fr\/wp-json\/wp\/v2\/comments?post=301"}],"version-history":[{"count":7,"href":"https:\/\/ilrialto.be\/fr\/wp-json\/wp\/v2\/pages\/301\/revisions"}],"predecessor-version":[{"id":453,"href":"https:\/\/ilrialto.be\/fr\/wp-json\/wp\/v2\/pages\/301\/revisions\/453"}],"wp:attachment":[{"href":"https:\/\/ilrialto.be\/fr\/wp-json\/wp\/v2\/media?parent=301"}],"curies":[{"name":"wp","href":"https:\/\/api.w.org\/{rel}","templated":true}]}}